{"id":1108,"date":"2024-05-31T13:19:27","date_gmt":"2024-05-31T13:19:27","guid":{"rendered":"https:\/\/abihw2019.de\/?page_id=1108"},"modified":"2024-08-20T12:17:51","modified_gmt":"2024-08-20T12:17:51","slug":"impressum","status":"publish","type":"page","link":"https:\/\/abihw2019.de\/?page_id=1108","title":{"rendered":"Impressum"},"content":{"rendered":"\n<p>Diese Website f\u00e4llt nicht unter die Impressumspflicht nach \u00a7 5 TMG. Diese Website dient ausschlie\u00dflich privaten Zwecken, wird nicht gesch\u00e4ftsm\u00e4\u00dfig betrieben, noch dient sie der Wirtschaftst\u00e4tigkeit Dritter. <br>Desweiteren werden auf dieser Website keine journalistisch-redaktionellen Inhalte ver\u00f6ffentlich. Daraus folgend gilt f\u00fcr die Website auch keine Impressumspflicht nach \u00a7 55 RstV.<\/p>\n\n\n\n<p>F\u00fcr Fragen nehmen Sie gerne Kontakt \u00fcber unser <a href=\"https:\/\/abihw2019.de\/?page_id=1121\">Kontaktformular<\/a> mit uns auf.<\/p>\n","protected":false},"excerpt":{"rendered":"<p>Diese Website f\u00e4llt nicht unter die Impressumspflicht nach \u00a7 5 TMG. Diese Website dient ausschlie\u00dflich privaten Zwecken, wird nicht gesch\u00e4ftsm\u00e4\u00dfig betrieben, noch dient sie der Wirtschaftst\u00e4tigkeit Dritter. Desweiteren werden auf dieser Website keine journalistisch-redaktionellen Inhalte ver\u00f6ffentlich. Daraus folgend gilt f\u00fcr die Website auch keine Impressumspflicht nach \u00a7 55 RstV. F\u00fcr Fragen nehmen Sie gerne Kontakt&hellip;&nbsp;<a href=\"https:\/\/abihw2019.de\/?page_id=1108\" rel=\"bookmark\">Weiterlesen &raquo;<span class=\"screen-reader-text\">Impressum<\/span><\/a><\/p>\n","protected":false},"author":1,"featured_media":0,"parent":0,"menu_order":0,"comment_status":"closed","ping_status":"closed","template":"","meta":{"neve_meta_sidebar":"","neve_meta_container":"","neve_meta_enable_content_width":"","neve_meta_content_width":0,"neve_meta_title_alignment":"","neve_meta_author_avatar":"","neve_post_elements_order":"","neve_meta_disable_header":"","neve_meta_disable_footer":"","neve_meta_disable_title":"","ngg_post_thumbnail":0,"_themeisle_gutenberg_block_has_review":false,"footnotes":""},"class_list":["post-1108","page","type-page","status-publish","hentry"],"_links":{"self":[{"href":"https:\/\/abihw2019.de\/index.php?rest_route=\/wp\/v2\/pages\/1108","targetHints":{"allow":["GET"]}}],"collection":[{"href":"https:\/\/abihw2019.de\/index.php?rest_route=\/wp\/v2\/pages"}],"about":[{"href":"https:\/\/abihw2019.de\/index.php?rest_route=\/wp\/v2\/types\/page"}],"author":[{"embeddable":true,"href":"https:\/\/abihw2019.de\/index.php?rest_route=\/wp\/v2\/users\/1"}],"replies":[{"embeddable":true,"href":"https:\/\/abihw2019.de\/index.php?rest_route=%2Fwp%2Fv2%2Fcomments&post=1108"}],"version-history":[{"count":2,"href":"https:\/\/abihw2019.de\/index.php?rest_route=\/wp\/v2\/pages\/1108\/revisions"}],"predecessor-version":[{"id":1126,"href":"https:\/\/abihw2019.de\/index.php?rest_route=\/wp\/v2\/pages\/1108\/revisions\/1126"}],"wp:attachment":[{"href":"https:\/\/abihw2019.de\/index.php?rest_route=%2Fwp%2Fv2%2Fmedia&parent=1108"}],"curies":[{"name":"wp","href":"https:\/\/api.w.org\/{rel}","templated":true}]}}